{"id":29,"date":"2019-09-30T14:05:50","date_gmt":"2019-09-30T12:05:50","guid":{"rendered":"http:\/\/www.lespepauvergnerhonealpes.org\/pep43\/sengager-avec-les-pep\/effectuer-son-service-civique\/"},"modified":"2019-10-01T12:29:14","modified_gmt":"2019-10-01T10:29:14","slug":"effectuer-son-service-civique","status":"publish","type":"page","link":"https:\/\/www.lespepauvergnerhonealpes.org\/pep43\/sengager-avec-les-pep\/effectuer-son-service-civique\/","title":{"rendered":"Effectuer son service civique"},"content":{"rendered":"<p>Les PEP se sont engag\u00e9s dans le Service Civique d\u00e8s la cr\u00e9ation de ce dispositif en 2011. L\u2019ensemble du r\u00e9seau PEP a accueilli plus de 180 jeunes en 2015 et se place ainsi parmi les structures qui accueillent le plus de jeunes en mission de service civique. Fid\u00e8les \u00e0 leurs valeurs d\u2019\u00e9galit\u00e9, de solidarit\u00e9 et de la\u00efcit\u00e9, les PEP poursuivent massivement leur engagement dans ce dispositif, outil d\u2019insertion sociale et professionnelle majeur pour les jeunes. Des missions tr\u00e8s vari\u00e9es sont propos\u00e9es aux volontaires (participation \u00e0 l\u2019organisation d\u2019\u00e9v\u00e8nements sportifs inclusifs, soutien scolaire, accompagnement d\u2019enfants au sein d\u2019\u00e9tablissements m\u00e9dico-sociaux, r\u00e9alisation de reportages photos et vid\u00e9os,\u2026), qui sont suivis et encadr\u00e9s par des tuteurs charg\u00e9s de les accompagner tout au long de leur mission.<\/p>\n<h2 id=\"decouvrez-le-service-civique\">D\u00c9COUVREZ LE SERVICE CIVIQUE EN INFOGRAPHIE<\/h2>\n<p>Vous aussi vous souhaitez vous engager \u00e0 nos c\u00f4t\u00e9s ? N\u2019h\u00e9sitez pas \u00e0 consulter nos missions de service civique sur le site\u00a0<a href=\"http:\/\/www.service-civique.gouv.fr\/\">www.service-civique.gouv.fr<\/a><\/p>\n","protected":false},"excerpt":{"rendered":"<p>Les PEP se sont engag\u00e9s dans le Service Civique d\u00e8s la cr\u00e9ation de ce dispositif en 2011. L\u2019ensemble du r\u00e9seau PEP a accueilli plus de 180 jeunes en 2015 et se place ainsi parmi les structures qui accueillent le plus de jeunes en mission de service civique. Fid\u00e8les \u00e0 leurs valeurs d\u2019\u00e9galit\u00e9, de solidarit\u00e9 et [&hellip;]<\/p>\n","protected":false},"author":1,"featured_media":0,"parent":10,"menu_order":3,"comment_status":"closed","ping_status":"closed","template":"","meta":{"_acf_changed":false,"footnotes":""},"class_list":["post-29","page","type-page","status-publish","hentry"],"acf":[],"yoast_head":"<!-- This site is optimized with the Yoast SEO plugin v27.2 - https:\/\/yoast.com\/product\/yoast-seo-wordpress\/ -->\n<title>Effectuer son service civique - Association des PEP 43 (Haute-Loire)<\/title>\n<meta name=\"robots\" content=\"noindex, follow, max-snippet:-1, max-image-preview:large, max-video-preview:-1\" \/>\n<meta property=\"og:locale\" content=\"fr_FR\" \/>\n<meta property=\"og:type\" content=\"article\" \/>\n<meta property=\"og:title\" content=\"Effectuer son service civique - Association des PEP 43 (Haute-Loire)\" \/>\n<meta property=\"og:description\" content=\"Les PEP se sont engag\u00e9s dans le Service Civique d\u00e8s la cr\u00e9ation de ce dispositif en 2011. L\u2019ensemble du r\u00e9seau PEP a accueilli plus de 180 jeunes en 2015 et se place ainsi parmi les structures qui accueillent le plus de jeunes en mission de service civique. Fid\u00e8les \u00e0 leurs valeurs d\u2019\u00e9galit\u00e9, de solidarit\u00e9 et [&hellip;]\" \/>\n<meta property=\"og:url\" content=\"http:\/\/www.lespepauvergnerhonealpes.org\/pep43\/sengager-avec-les-pep\/effectuer-son-service-civique\/\" \/>\n<meta property=\"og:site_name\" content=\"Association des PEP 43 (Haute-Loire)\" \/>\n<meta property=\"article:modified_time\" content=\"2019-10-01T10:29:14+00:00\" \/>\n<meta name=\"twitter:card\" content=\"summary_large_image\" \/>\n<meta name=\"twitter:label1\" content=\"Dur\u00e9e de lecture estim\u00e9e\" \/>\n\t<meta name=\"twitter:data1\" content=\"1 minute\" \/>\n<script type=\"application\/ld+json\" class=\"yoast-schema-graph\">{\"@context\":\"https:\/\/schema.org\",\"@graph\":[{\"@type\":\"WebPage\",\"@id\":\"http:\/\/www.lespepauvergnerhonealpes.org\/pep43\/sengager-avec-les-pep\/effectuer-son-service-civique\/\",\"url\":\"http:\/\/www.lespepauvergnerhonealpes.org\/pep43\/sengager-avec-les-pep\/effectuer-son-service-civique\/\",\"name\":\"Effectuer son service civique - Association des PEP 43 (Haute-Loire)\",\"isPartOf\":{\"@id\":\"https:\/\/www.lespepauvergnerhonealpes.org\/pep43\/#website\"},\"datePublished\":\"2019-09-30T12:05:50+00:00\",\"dateModified\":\"2019-10-01T10:29:14+00:00\",\"breadcrumb\":{\"@id\":\"http:\/\/www.lespepauvergnerhonealpes.org\/pep43\/sengager-avec-les-pep\/effectuer-son-service-civique\/#breadcrumb\"},\"inLanguage\":\"fr-FR\",\"potentialAction\":[{\"@type\":\"ReadAction\",\"target\":[\"http:\/\/www.lespepauvergnerhonealpes.org\/pep43\/sengager-avec-les-pep\/effectuer-son-service-civique\/\"]}]},{\"@type\":\"BreadcrumbList\",\"@id\":\"http:\/\/www.lespepauvergnerhonealpes.org\/pep43\/sengager-avec-les-pep\/effectuer-son-service-civique\/#breadcrumb\",\"itemListElement\":[{\"@type\":\"ListItem\",\"position\":1,\"name\":\"Accueil\",\"item\":\"https:\/\/www.lespepauvergnerhonealpes.org\/pep43\/\"},{\"@type\":\"ListItem\",\"position\":2,\"name\":\"S&rsquo;engager avec les PEP\",\"item\":\"https:\/\/www.lespepauvergnerhonealpes.org\/pep43\/sengager-avec-les-pep\/\"},{\"@type\":\"ListItem\",\"position\":3,\"name\":\"Effectuer son service civique\"}]},{\"@type\":\"WebSite\",\"@id\":\"https:\/\/www.lespepauvergnerhonealpes.org\/pep43\/#website\",\"url\":\"https:\/\/www.lespepauvergnerhonealpes.org\/pep43\/\",\"name\":\"Association des PEP 43 (Haute-Loire)\",\"description\":\"Un site utilisant Les sites de Les PEP Auvergne Rh\u00f4ne Alpes\",\"potentialAction\":[{\"@type\":\"SearchAction\",\"target\":{\"@type\":\"EntryPoint\",\"urlTemplate\":\"https:\/\/www.lespepauvergnerhonealpes.org\/pep43\/?s={search_term_string}\"},\"query-input\":{\"@type\":\"PropertyValueSpecification\",\"valueRequired\":true,\"valueName\":\"search_term_string\"}}],\"inLanguage\":\"fr-FR\"}]}<\/script>\n<!-- \/ Yoast SEO plugin. -->","yoast_head_json":{"title":"Effectuer son service civique - Association des PEP 43 (Haute-Loire)","robots":{"index":"noindex","follow":"follow","max-snippet":"max-snippet:-1","max-image-preview":"max-image-preview:large","max-video-preview":"max-video-preview:-1"},"og_locale":"fr_FR","og_type":"article","og_title":"Effectuer son service civique - Association des PEP 43 (Haute-Loire)","og_description":"Les PEP se sont engag\u00e9s dans le Service Civique d\u00e8s la cr\u00e9ation de ce dispositif en 2011. L\u2019ensemble du r\u00e9seau PEP a accueilli plus de 180 jeunes en 2015 et se place ainsi parmi les structures qui accueillent le plus de jeunes en mission de service civique. Fid\u00e8les \u00e0 leurs valeurs d\u2019\u00e9galit\u00e9, de solidarit\u00e9 et [&hellip;]","og_url":"http:\/\/www.lespepauvergnerhonealpes.org\/pep43\/sengager-avec-les-pep\/effectuer-son-service-civique\/","og_site_name":"Association des PEP 43 (Haute-Loire)","article_modified_time":"2019-10-01T10:29:14+00:00","twitter_card":"summary_large_image","twitter_misc":{"Dur\u00e9e de lecture estim\u00e9e":"1 minute"},"schema":{"@context":"https:\/\/schema.org","@graph":[{"@type":"WebPage","@id":"http:\/\/www.lespepauvergnerhonealpes.org\/pep43\/sengager-avec-les-pep\/effectuer-son-service-civique\/","url":"http:\/\/www.lespepauvergnerhonealpes.org\/pep43\/sengager-avec-les-pep\/effectuer-son-service-civique\/","name":"Effectuer son service civique - Association des PEP 43 (Haute-Loire)","isPartOf":{"@id":"https:\/\/www.lespepauvergnerhonealpes.org\/pep43\/#website"},"datePublished":"2019-09-30T12:05:50+00:00","dateModified":"2019-10-01T10:29:14+00:00","breadcrumb":{"@id":"http:\/\/www.lespepauvergnerhonealpes.org\/pep43\/sengager-avec-les-pep\/effectuer-son-service-civique\/#breadcrumb"},"inLanguage":"fr-FR","potentialAction":[{"@type":"ReadAction","target":["http:\/\/www.lespepauvergnerhonealpes.org\/pep43\/sengager-avec-les-pep\/effectuer-son-service-civique\/"]}]},{"@type":"BreadcrumbList","@id":"http:\/\/www.lespepauvergnerhonealpes.org\/pep43\/sengager-avec-les-pep\/effectuer-son-service-civique\/#breadcrumb","itemListElement":[{"@type":"ListItem","position":1,"name":"Accueil","item":"https:\/\/www.lespepauvergnerhonealpes.org\/pep43\/"},{"@type":"ListItem","position":2,"name":"S&rsquo;engager avec les PEP","item":"https:\/\/www.lespepauvergnerhonealpes.org\/pep43\/sengager-avec-les-pep\/"},{"@type":"ListItem","position":3,"name":"Effectuer son service civique"}]},{"@type":"WebSite","@id":"https:\/\/www.lespepauvergnerhonealpes.org\/pep43\/#website","url":"https:\/\/www.lespepauvergnerhonealpes.org\/pep43\/","name":"Association des PEP 43 (Haute-Loire)","description":"Un site utilisant Les sites de Les PEP Auvergne Rh\u00f4ne Alpes","potentialAction":[{"@type":"SearchAction","target":{"@type":"EntryPoint","urlTemplate":"https:\/\/www.lespepauvergnerhonealpes.org\/pep43\/?s={search_term_string}"},"query-input":{"@type":"PropertyValueSpecification","valueRequired":true,"valueName":"search_term_string"}}],"inLanguage":"fr-FR"}]}},"publishpress_future_action":{"enabled":false,"date":"2026-04-20 08:00:23","action":"change-status","newStatus":"draft","terms":[],"taxonomy":"","extraData":[]},"publishpress_future_workflow_manual_trigger":{"enabledWorkflows":[]},"_links":{"self":[{"href":"https:\/\/www.lespepauvergnerhonealpes.org\/pep43\/wp-json\/wp\/v2\/pages\/29","targetHints":{"allow":["GET"]}}],"collection":[{"href":"https:\/\/www.lespepauvergnerhonealpes.org\/pep43\/wp-json\/wp\/v2\/pages"}],"about":[{"href":"https:\/\/www.lespepauvergnerhonealpes.org\/pep43\/wp-json\/wp\/v2\/types\/page"}],"author":[{"embeddable":true,"href":"https:\/\/www.lespepauvergnerhonealpes.org\/pep43\/wp-json\/wp\/v2\/users\/1"}],"replies":[{"embeddable":true,"href":"https:\/\/www.lespepauvergnerhonealpes.org\/pep43\/wp-json\/wp\/v2\/comments?post=29"}],"version-history":[{"count":3,"href":"https:\/\/www.lespepauvergnerhonealpes.org\/pep43\/wp-json\/wp\/v2\/pages\/29\/revisions"}],"predecessor-version":[{"id":192,"href":"https:\/\/www.lespepauvergnerhonealpes.org\/pep43\/wp-json\/wp\/v2\/pages\/29\/revisions\/192"}],"up":[{"embeddable":true,"href":"https:\/\/www.lespepauvergnerhonealpes.org\/pep43\/wp-json\/wp\/v2\/pages\/10"}],"wp:attachment":[{"href":"https:\/\/www.lespepauvergnerhonealpes.org\/pep43\/wp-json\/wp\/v2\/media?parent=29"}],"curies":[{"name":"wp","href":"https:\/\/api.w.org\/{rel}","templated":true}]}}