{"id":28,"date":"2019-09-30T14:05:50","date_gmt":"2019-09-30T12:05:50","guid":{"rendered":"http:\/\/www.lespepauvergnerhonealpes.org\/pep43\/sengager-avec-les-pep\/devenir-benevole\/"},"modified":"2019-10-01T12:28:10","modified_gmt":"2019-10-01T10:28:10","slug":"devenir-benevole","status":"publish","type":"page","link":"https:\/\/www.lespepauvergnerhonealpes.org\/pep43\/sengager-avec-les-pep\/devenir-benevole\/","title":{"rendered":"Devenir b\u00e9n\u00e9vole"},"content":{"rendered":"<p><strong>Disponible et envie de donner quelques heures de votre temps ? Rejoignez notre association ! Qu\u2019il s\u2019agisse de collecte de livres, d\u2019ateliers lectures\u2026, nos associations recherchent ponctuellement des b\u00e9n\u00e9voles.<\/strong><\/p>\n<p>Petite originalit\u00e9 de notre F\u00e9d\u00e9ration, le conseil d\u2019administration est compos\u00e9 de militants b\u00e9n\u00e9voles, \u00e9lus pour 3 ans, dont le renouvellement s\u2019effectue chaque ann\u00e9e par tiers lors de l\u2019Assembl\u00e9e G\u00e9n\u00e9rale.<\/p>\n<h3>Vous souhaitez vous investir\u00a0?<\/h3>\n<p><em>Remplissez le formulaire ci-dessous et l\u2019Association D\u00e9partementale \u00e0 laquelle vous avez choisie d\u2019adh\u00e9rer vous contactera dans les plus brefs d\u00e9lais<\/em><\/p>\n\n<div class=\"wpcf7 no-js\" id=\"wpcf7-f188-o1\" lang=\"fr-FR\" dir=\"ltr\" data-wpcf7-id=\"188\">\n<div class=\"screen-reader-response\"><p role=\"status\" aria-live=\"polite\" aria-atomic=\"true\"><\/p> <ul><\/ul><\/div>\n<form action=\"\/pep43\/wp-json\/wp\/v2\/pages\/28#wpcf7-f188-o1\" method=\"post\" class=\"wpcf7-form init\" aria-label=\"Formulaire de contact\" novalidate=\"novalidate\" data-status=\"init\">\n<fieldset class=\"hidden-fields-container\"><input type=\"hidden\" name=\"_wpcf7\" value=\"188\" \/><input type=\"hidden\" name=\"_wpcf7_version\" value=\"6.1.5\" \/><input type=\"hidden\" name=\"_wpcf7_locale\" value=\"fr_FR\" \/><input type=\"hidden\" name=\"_wpcf7_unit_tag\" value=\"wpcf7-f188-o1\" \/><input type=\"hidden\" name=\"_wpcf7_container_post\" value=\"0\" \/><input type=\"hidden\" name=\"_wpcf7_posted_data_hash\" value=\"\" \/><input type=\"hidden\" name=\"_wpcf7_recaptcha_response\" value=\"\" \/>\n<\/fieldset>\n<p><label for=\"cname\">Votre nom et pr\u00e9nom *<\/label><br \/>\n<span class=\"wpcf7-form-control-wrap\" data-name=\"cname\"><input size=\"40\" maxlength=\"400\" class=\"wpcf7-form-control wpcf7-text wpcf7-validates-as-required\" id=\"cname\" aria-required=\"true\" aria-invalid=\"false\" value=\"\" type=\"text\" name=\"cname\" \/><\/span>\n<\/p>\n<p><label for=\"address\">Votre adresse *<\/label><br \/>\n<span class=\"wpcf7-form-control-wrap\" data-name=\"address\"><input size=\"40\" maxlength=\"400\" class=\"wpcf7-form-control wpcf7-text wpcf7-validates-as-required\" id=\"address\" aria-required=\"true\" aria-invalid=\"false\" value=\"\" type=\"text\" name=\"address\" \/><\/span>\n<\/p>\n<p><label for=\"city\">Votre ville *<\/label><br \/>\n<span class=\"wpcf7-form-control-wrap\" data-name=\"city\"><input size=\"40\" maxlength=\"400\" class=\"wpcf7-form-control wpcf7-text wpcf7-validates-as-required\" id=\"city\" aria-required=\"true\" aria-invalid=\"false\" value=\"\" type=\"text\" name=\"city\" \/><\/span>\n<\/p>\n<p><label for=\"zipcode\">Code postal *<\/label><br \/>\n<span class=\"wpcf7-form-control-wrap\" data-name=\"zipcode\"><input size=\"40\" maxlength=\"400\" class=\"wpcf7-form-control wpcf7-text wpcf7-validates-as-required\" id=\"zipcode\" aria-required=\"true\" aria-invalid=\"false\" value=\"\" type=\"text\" name=\"zipcode\" \/><\/span>\n<\/p>\n<p><label for=\"email\">Votre e-mail *<\/label><br \/>\n<span class=\"wpcf7-form-control-wrap\" data-name=\"email\"><input size=\"40\" maxlength=\"400\" class=\"wpcf7-form-control wpcf7-email wpcf7-validates-as-required wpcf7-text wpcf7-validates-as-email\" id=\"email\" aria-required=\"true\" aria-invalid=\"false\" value=\"\" type=\"email\" name=\"email\" \/><\/span>\n<\/p>\n<p><input class=\"wpcf7-form-control wpcf7-submit has-spinner\" type=\"submit\" value=\"Envoyer\" \/>\n<\/p><div class=\"wpcf7-response-output\" aria-hidden=\"true\"><\/div>\n<\/form>\n<\/div>\n\n","protected":false},"excerpt":{"rendered":"<p>Disponible et envie de donner quelques heures de votre temps ? Rejoignez notre association ! Qu\u2019il s\u2019agisse de collecte de livres, d\u2019ateliers lectures\u2026, nos associations recherchent ponctuellement des b\u00e9n\u00e9voles. Petite originalit\u00e9 de notre F\u00e9d\u00e9ration, le conseil d\u2019administration est compos\u00e9 de militants b\u00e9n\u00e9voles, \u00e9lus pour 3 ans, dont le renouvellement s\u2019effectue chaque ann\u00e9e par tiers lors [&hellip;]<\/p>\n","protected":false},"author":1,"featured_media":0,"parent":10,"menu_order":2,"comment_status":"closed","ping_status":"closed","template":"","meta":{"_acf_changed":false,"footnotes":""},"class_list":["post-28","page","type-page","status-publish","hentry"],"acf":[],"yoast_head":"<!-- This site is optimized with the Yoast SEO plugin v27.2 - https:\/\/yoast.com\/product\/yoast-seo-wordpress\/ -->\n<title>Devenir b\u00e9n\u00e9vole - Association des PEP 43 (Haute-Loire)<\/title>\n<meta name=\"robots\" content=\"noindex, follow, max-snippet:-1, max-image-preview:large, max-video-preview:-1\" \/>\n<meta property=\"og:locale\" content=\"fr_FR\" \/>\n<meta property=\"og:type\" content=\"article\" \/>\n<meta property=\"og:title\" content=\"Devenir b\u00e9n\u00e9vole - Association des PEP 43 (Haute-Loire)\" \/>\n<meta property=\"og:description\" content=\"Disponible et envie de donner quelques heures de votre temps ? Rejoignez notre association ! Qu\u2019il s\u2019agisse de collecte de livres, d\u2019ateliers lectures\u2026, nos associations recherchent ponctuellement des b\u00e9n\u00e9voles. Petite originalit\u00e9 de notre F\u00e9d\u00e9ration, le conseil d\u2019administration est compos\u00e9 de militants b\u00e9n\u00e9voles, \u00e9lus pour 3 ans, dont le renouvellement s\u2019effectue chaque ann\u00e9e par tiers lors [&hellip;]\" \/>\n<meta property=\"og:url\" content=\"http:\/\/www.lespepauvergnerhonealpes.org\/pep43\/sengager-avec-les-pep\/devenir-benevole\/\" \/>\n<meta property=\"og:site_name\" content=\"Association des PEP 43 (Haute-Loire)\" \/>\n<meta property=\"article:modified_time\" content=\"2019-10-01T10:28:10+00:00\" \/>\n<meta name=\"twitter:card\" content=\"summary_large_image\" \/>\n<meta name=\"twitter:label1\" content=\"Dur\u00e9e de lecture estim\u00e9e\" \/>\n\t<meta name=\"twitter:data1\" content=\"1 minute\" \/>\n<script type=\"application\/ld+json\" class=\"yoast-schema-graph\">{\"@context\":\"https:\/\/schema.org\",\"@graph\":[{\"@type\":\"WebPage\",\"@id\":\"http:\/\/www.lespepauvergnerhonealpes.org\/pep43\/sengager-avec-les-pep\/devenir-benevole\/\",\"url\":\"http:\/\/www.lespepauvergnerhonealpes.org\/pep43\/sengager-avec-les-pep\/devenir-benevole\/\",\"name\":\"Devenir b\u00e9n\u00e9vole - Association des PEP 43 (Haute-Loire)\",\"isPartOf\":{\"@id\":\"https:\/\/www.lespepauvergnerhonealpes.org\/pep43\/#website\"},\"datePublished\":\"2019-09-30T12:05:50+00:00\",\"dateModified\":\"2019-10-01T10:28:10+00:00\",\"breadcrumb\":{\"@id\":\"http:\/\/www.lespepauvergnerhonealpes.org\/pep43\/sengager-avec-les-pep\/devenir-benevole\/#breadcrumb\"},\"inLanguage\":\"fr-FR\",\"potentialAction\":[{\"@type\":\"ReadAction\",\"target\":[\"http:\/\/www.lespepauvergnerhonealpes.org\/pep43\/sengager-avec-les-pep\/devenir-benevole\/\"]}]},{\"@type\":\"BreadcrumbList\",\"@id\":\"http:\/\/www.lespepauvergnerhonealpes.org\/pep43\/sengager-avec-les-pep\/devenir-benevole\/#breadcrumb\",\"itemListElement\":[{\"@type\":\"ListItem\",\"position\":1,\"name\":\"Accueil\",\"item\":\"https:\/\/www.lespepauvergnerhonealpes.org\/pep43\/\"},{\"@type\":\"ListItem\",\"position\":2,\"name\":\"S&rsquo;engager avec les PEP\",\"item\":\"https:\/\/www.lespepauvergnerhonealpes.org\/pep43\/sengager-avec-les-pep\/\"},{\"@type\":\"ListItem\",\"position\":3,\"name\":\"Devenir b\u00e9n\u00e9vole\"}]},{\"@type\":\"WebSite\",\"@id\":\"https:\/\/www.lespepauvergnerhonealpes.org\/pep43\/#website\",\"url\":\"https:\/\/www.lespepauvergnerhonealpes.org\/pep43\/\",\"name\":\"Association des PEP 43 (Haute-Loire)\",\"description\":\"Un site utilisant Les sites de Les PEP Auvergne Rh\u00f4ne Alpes\",\"potentialAction\":[{\"@type\":\"SearchAction\",\"target\":{\"@type\":\"EntryPoint\",\"urlTemplate\":\"https:\/\/www.lespepauvergnerhonealpes.org\/pep43\/?s={search_term_string}\"},\"query-input\":{\"@type\":\"PropertyValueSpecification\",\"valueRequired\":true,\"valueName\":\"search_term_string\"}}],\"inLanguage\":\"fr-FR\"}]}<\/script>\n<!-- \/ Yoast SEO plugin. -->","yoast_head_json":{"title":"Devenir b\u00e9n\u00e9vole - Association des PEP 43 (Haute-Loire)","robots":{"index":"noindex","follow":"follow","max-snippet":"max-snippet:-1","max-image-preview":"max-image-preview:large","max-video-preview":"max-video-preview:-1"},"og_locale":"fr_FR","og_type":"article","og_title":"Devenir b\u00e9n\u00e9vole - Association des PEP 43 (Haute-Loire)","og_description":"Disponible et envie de donner quelques heures de votre temps ? Rejoignez notre association ! Qu\u2019il s\u2019agisse de collecte de livres, d\u2019ateliers lectures\u2026, nos associations recherchent ponctuellement des b\u00e9n\u00e9voles. Petite originalit\u00e9 de notre F\u00e9d\u00e9ration, le conseil d\u2019administration est compos\u00e9 de militants b\u00e9n\u00e9voles, \u00e9lus pour 3 ans, dont le renouvellement s\u2019effectue chaque ann\u00e9e par tiers lors [&hellip;]","og_url":"http:\/\/www.lespepauvergnerhonealpes.org\/pep43\/sengager-avec-les-pep\/devenir-benevole\/","og_site_name":"Association des PEP 43 (Haute-Loire)","article_modified_time":"2019-10-01T10:28:10+00:00","twitter_card":"summary_large_image","twitter_misc":{"Dur\u00e9e de lecture estim\u00e9e":"1 minute"},"schema":{"@context":"https:\/\/schema.org","@graph":[{"@type":"WebPage","@id":"http:\/\/www.lespepauvergnerhonealpes.org\/pep43\/sengager-avec-les-pep\/devenir-benevole\/","url":"http:\/\/www.lespepauvergnerhonealpes.org\/pep43\/sengager-avec-les-pep\/devenir-benevole\/","name":"Devenir b\u00e9n\u00e9vole - Association des PEP 43 (Haute-Loire)","isPartOf":{"@id":"https:\/\/www.lespepauvergnerhonealpes.org\/pep43\/#website"},"datePublished":"2019-09-30T12:05:50+00:00","dateModified":"2019-10-01T10:28:10+00:00","breadcrumb":{"@id":"http:\/\/www.lespepauvergnerhonealpes.org\/pep43\/sengager-avec-les-pep\/devenir-benevole\/#breadcrumb"},"inLanguage":"fr-FR","potentialAction":[{"@type":"ReadAction","target":["http:\/\/www.lespepauvergnerhonealpes.org\/pep43\/sengager-avec-les-pep\/devenir-benevole\/"]}]},{"@type":"BreadcrumbList","@id":"http:\/\/www.lespepauvergnerhonealpes.org\/pep43\/sengager-avec-les-pep\/devenir-benevole\/#breadcrumb","itemListElement":[{"@type":"ListItem","position":1,"name":"Accueil","item":"https:\/\/www.lespepauvergnerhonealpes.org\/pep43\/"},{"@type":"ListItem","position":2,"name":"S&rsquo;engager avec les PEP","item":"https:\/\/www.lespepauvergnerhonealpes.org\/pep43\/sengager-avec-les-pep\/"},{"@type":"ListItem","position":3,"name":"Devenir b\u00e9n\u00e9vole"}]},{"@type":"WebSite","@id":"https:\/\/www.lespepauvergnerhonealpes.org\/pep43\/#website","url":"https:\/\/www.lespepauvergnerhonealpes.org\/pep43\/","name":"Association des PEP 43 (Haute-Loire)","description":"Un site utilisant Les sites de Les PEP Auvergne Rh\u00f4ne Alpes","potentialAction":[{"@type":"SearchAction","target":{"@type":"EntryPoint","urlTemplate":"https:\/\/www.lespepauvergnerhonealpes.org\/pep43\/?s={search_term_string}"},"query-input":{"@type":"PropertyValueSpecification","valueRequired":true,"valueName":"search_term_string"}}],"inLanguage":"fr-FR"}]}},"publishpress_future_action":{"enabled":false,"date":"2026-04-20 07:55:47","action":"change-status","newStatus":"draft","terms":[],"taxonomy":"","extraData":[]},"publishpress_future_workflow_manual_trigger":{"enabledWorkflows":[]},"_links":{"self":[{"href":"https:\/\/www.lespepauvergnerhonealpes.org\/pep43\/wp-json\/wp\/v2\/pages\/28","targetHints":{"allow":["GET"]}}],"collection":[{"href":"https:\/\/www.lespepauvergnerhonealpes.org\/pep43\/wp-json\/wp\/v2\/pages"}],"about":[{"href":"https:\/\/www.lespepauvergnerhonealpes.org\/pep43\/wp-json\/wp\/v2\/types\/page"}],"author":[{"embeddable":true,"href":"https:\/\/www.lespepauvergnerhonealpes.org\/pep43\/wp-json\/wp\/v2\/users\/1"}],"replies":[{"embeddable":true,"href":"https:\/\/www.lespepauvergnerhonealpes.org\/pep43\/wp-json\/wp\/v2\/comments?post=28"}],"version-history":[{"count":2,"href":"https:\/\/www.lespepauvergnerhonealpes.org\/pep43\/wp-json\/wp\/v2\/pages\/28\/revisions"}],"predecessor-version":[{"id":189,"href":"https:\/\/www.lespepauvergnerhonealpes.org\/pep43\/wp-json\/wp\/v2\/pages\/28\/revisions\/189"}],"up":[{"embeddable":true,"href":"https:\/\/www.lespepauvergnerhonealpes.org\/pep43\/wp-json\/wp\/v2\/pages\/10"}],"wp:attachment":[{"href":"https:\/\/www.lespepauvergnerhonealpes.org\/pep43\/wp-json\/wp\/v2\/media?parent=28"}],"curies":[{"name":"wp","href":"https:\/\/api.w.org\/{rel}","templated":true}]}}