{"id":27,"date":"2019-09-30T14:05:49","date_gmt":"2019-09-30T12:05:49","guid":{"rendered":"http:\/\/www.lespepauvergnerhonealpes.org\/pep43\/sengager-avec-les-pep\/adherer\/"},"modified":"2019-10-01T12:07:46","modified_gmt":"2019-10-01T10:07:46","slug":"adherer","status":"publish","type":"page","link":"https:\/\/www.lespepauvergnerhonealpes.org\/pep43\/sengager-avec-les-pep\/adherer\/","title":{"rendered":"Adh\u00e9rer"},"content":{"rendered":"<p><strong>Pour mener \u00e0 bien son projet de transformation sociale, les PEP ont besoin de vous\u00a0!<\/strong><\/p>\n<p>Parce que la masse militante d\u2019un r\u00e9seau associatif fait sa force, parce que la garantie d\u2019une r\u00e9alit\u00e9 de la vie associative passe par ses adh\u00e9rents, les PEP ont besoin de nouveaux adh\u00e9rents. Enfant ou adulte, rejoignez les 450 000 adh\u00e9rents des 123 associations du r\u00e9seau PEP, et agissez, vous aussi, pour une soci\u00e9t\u00e9 inclusive\u00a0!<\/p>\n<p><em>Remplissez le formulaire ci-dessous et l\u2019Association D\u00e9partementale que vous avez choisie vous contactera dans les plus brefs d\u00e9lais<\/em><\/p>\n\n<div class=\"wpcf7 no-js\" id=\"wpcf7-f184-o1\" lang=\"fr-FR\" dir=\"ltr\" data-wpcf7-id=\"184\">\n<div class=\"screen-reader-response\"><p role=\"status\" aria-live=\"polite\" aria-atomic=\"true\"><\/p> <ul><\/ul><\/div>\n<form action=\"\/pep43\/wp-json\/wp\/v2\/pages\/27#wpcf7-f184-o1\" method=\"post\" class=\"wpcf7-form init\" aria-label=\"Formulaire de contact\" novalidate=\"novalidate\" data-status=\"init\">\n<fieldset class=\"hidden-fields-container\"><input type=\"hidden\" name=\"_wpcf7\" value=\"184\" \/><input type=\"hidden\" name=\"_wpcf7_version\" value=\"6.1.5\" \/><input type=\"hidden\" name=\"_wpcf7_locale\" value=\"fr_FR\" \/><input type=\"hidden\" name=\"_wpcf7_unit_tag\" value=\"wpcf7-f184-o1\" \/><input type=\"hidden\" name=\"_wpcf7_container_post\" value=\"0\" \/><input type=\"hidden\" name=\"_wpcf7_posted_data_hash\" value=\"\" \/><input type=\"hidden\" name=\"_wpcf7_recaptcha_response\" value=\"\" \/>\n<\/fieldset>\n<p><label for=\"cname\">Votre nom et pr\u00e9nom *<\/label><br \/>\n<span class=\"wpcf7-form-control-wrap\" data-name=\"cname\"><input size=\"40\" maxlength=\"400\" class=\"wpcf7-form-control wpcf7-text wpcf7-validates-as-required\" id=\"cname\" aria-required=\"true\" aria-invalid=\"false\" value=\"\" type=\"text\" name=\"cname\" \/><\/span>\n<\/p>\n<p><label for=\"address\">Votre adresse *<\/label><br \/>\n<span class=\"wpcf7-form-control-wrap\" data-name=\"address\"><input size=\"40\" maxlength=\"400\" class=\"wpcf7-form-control wpcf7-text wpcf7-validates-as-required\" id=\"address\" aria-required=\"true\" aria-invalid=\"false\" value=\"\" type=\"text\" name=\"address\" \/><\/span>\n<\/p>\n<p><label for=\"city\">Votre ville *<\/label><br \/>\n<span class=\"wpcf7-form-control-wrap\" data-name=\"city\"><input size=\"40\" maxlength=\"400\" class=\"wpcf7-form-control wpcf7-text wpcf7-validates-as-required\" id=\"city\" aria-required=\"true\" aria-invalid=\"false\" value=\"\" type=\"text\" name=\"city\" \/><\/span>\n<\/p>\n<p><label for=\"zipcode\">Code postal *<\/label><br \/>\n<span class=\"wpcf7-form-control-wrap\" data-name=\"zipcode\"><input size=\"40\" maxlength=\"400\" class=\"wpcf7-form-control wpcf7-text wpcf7-validates-as-required\" id=\"zipcode\" aria-required=\"true\" aria-invalid=\"false\" value=\"\" type=\"text\" name=\"zipcode\" \/><\/span>\n<\/p>\n<p><label for=\"email\">Votre e-mail *<\/label><br \/>\n<span class=\"wpcf7-form-control-wrap\" data-name=\"email\"><input size=\"40\" maxlength=\"400\" class=\"wpcf7-form-control wpcf7-email wpcf7-validates-as-required wpcf7-text wpcf7-validates-as-email\" id=\"email\" aria-required=\"true\" aria-invalid=\"false\" value=\"\" type=\"email\" name=\"email\" \/><\/span>\n<\/p>\n<p><input class=\"wpcf7-form-control wpcf7-submit has-spinner\" type=\"submit\" value=\"Envoyer\" \/>\n<\/p><div class=\"wpcf7-response-output\" aria-hidden=\"true\"><\/div>\n<\/form>\n<\/div>\n\n","protected":false},"excerpt":{"rendered":"<p>Pour mener \u00e0 bien son projet de transformation sociale, les PEP ont besoin de vous\u00a0! Parce que la masse militante d\u2019un r\u00e9seau associatif fait sa force, parce que la garantie d\u2019une r\u00e9alit\u00e9 de la vie associative passe par ses adh\u00e9rents, les PEP ont besoin de nouveaux adh\u00e9rents. Enfant ou adulte, rejoignez les 450 000 adh\u00e9rents [&hellip;]<\/p>\n","protected":false},"author":1,"featured_media":0,"parent":10,"menu_order":1,"comment_status":"closed","ping_status":"closed","template":"","meta":{"_acf_changed":false,"footnotes":""},"class_list":["post-27","page","type-page","status-publish","hentry"],"acf":[],"yoast_head":"<!-- This site is optimized with the Yoast SEO plugin v27.2 - https:\/\/yoast.com\/product\/yoast-seo-wordpress\/ -->\n<title>Adh\u00e9rer - Association des PEP 43 (Haute-Loire)<\/title>\n<meta name=\"robots\" content=\"noindex, follow, max-snippet:-1, max-image-preview:large, max-video-preview:-1\" \/>\n<meta property=\"og:locale\" content=\"fr_FR\" \/>\n<meta property=\"og:type\" content=\"article\" \/>\n<meta property=\"og:title\" content=\"Adh\u00e9rer - Association des PEP 43 (Haute-Loire)\" \/>\n<meta property=\"og:description\" content=\"Pour mener \u00e0 bien son projet de transformation sociale, les PEP ont besoin de vous\u00a0! Parce que la masse militante d\u2019un r\u00e9seau associatif fait sa force, parce que la garantie d\u2019une r\u00e9alit\u00e9 de la vie associative passe par ses adh\u00e9rents, les PEP ont besoin de nouveaux adh\u00e9rents. Enfant ou adulte, rejoignez les 450 000 adh\u00e9rents [&hellip;]\" \/>\n<meta property=\"og:url\" content=\"https:\/\/www.lespepauvergnerhonealpes.org\/pep43\/sengager-avec-les-pep\/adherer\/\" \/>\n<meta property=\"og:site_name\" content=\"Association des PEP 43 (Haute-Loire)\" \/>\n<meta property=\"article:modified_time\" content=\"2019-10-01T10:07:46+00:00\" \/>\n<meta name=\"twitter:card\" content=\"summary_large_image\" \/>\n<script type=\"application\/ld+json\" class=\"yoast-schema-graph\">{\"@context\":\"https:\/\/schema.org\",\"@graph\":[{\"@type\":\"WebPage\",\"@id\":\"https:\/\/www.lespepauvergnerhonealpes.org\/pep43\/sengager-avec-les-pep\/adherer\/\",\"url\":\"https:\/\/www.lespepauvergnerhonealpes.org\/pep43\/sengager-avec-les-pep\/adherer\/\",\"name\":\"Adh\u00e9rer - Association des PEP 43 (Haute-Loire)\",\"isPartOf\":{\"@id\":\"https:\/\/www.lespepauvergnerhonealpes.org\/pep43\/#website\"},\"datePublished\":\"2019-09-30T12:05:49+00:00\",\"dateModified\":\"2019-10-01T10:07:46+00:00\",\"breadcrumb\":{\"@id\":\"https:\/\/www.lespepauvergnerhonealpes.org\/pep43\/sengager-avec-les-pep\/adherer\/#breadcrumb\"},\"inLanguage\":\"fr-FR\",\"potentialAction\":[{\"@type\":\"ReadAction\",\"target\":[\"https:\/\/www.lespepauvergnerhonealpes.org\/pep43\/sengager-avec-les-pep\/adherer\/\"]}]},{\"@type\":\"BreadcrumbList\",\"@id\":\"https:\/\/www.lespepauvergnerhonealpes.org\/pep43\/sengager-avec-les-pep\/adherer\/#breadcrumb\",\"itemListElement\":[{\"@type\":\"ListItem\",\"position\":1,\"name\":\"Accueil\",\"item\":\"https:\/\/www.lespepauvergnerhonealpes.org\/pep43\/\"},{\"@type\":\"ListItem\",\"position\":2,\"name\":\"S&rsquo;engager avec les PEP\",\"item\":\"https:\/\/www.lespepauvergnerhonealpes.org\/pep43\/sengager-avec-les-pep\/\"},{\"@type\":\"ListItem\",\"position\":3,\"name\":\"Adh\u00e9rer\"}]},{\"@type\":\"WebSite\",\"@id\":\"https:\/\/www.lespepauvergnerhonealpes.org\/pep43\/#website\",\"url\":\"https:\/\/www.lespepauvergnerhonealpes.org\/pep43\/\",\"name\":\"Association des PEP 43 (Haute-Loire)\",\"description\":\"Un site utilisant Les sites de Les PEP Auvergne Rh\u00f4ne Alpes\",\"potentialAction\":[{\"@type\":\"SearchAction\",\"target\":{\"@type\":\"EntryPoint\",\"urlTemplate\":\"https:\/\/www.lespepauvergnerhonealpes.org\/pep43\/?s={search_term_string}\"},\"query-input\":{\"@type\":\"PropertyValueSpecification\",\"valueRequired\":true,\"valueName\":\"search_term_string\"}}],\"inLanguage\":\"fr-FR\"}]}<\/script>\n<!-- \/ Yoast SEO plugin. -->","yoast_head_json":{"title":"Adh\u00e9rer - Association des PEP 43 (Haute-Loire)","robots":{"index":"noindex","follow":"follow","max-snippet":"max-snippet:-1","max-image-preview":"max-image-preview:large","max-video-preview":"max-video-preview:-1"},"og_locale":"fr_FR","og_type":"article","og_title":"Adh\u00e9rer - Association des PEP 43 (Haute-Loire)","og_description":"Pour mener \u00e0 bien son projet de transformation sociale, les PEP ont besoin de vous\u00a0! Parce que la masse militante d\u2019un r\u00e9seau associatif fait sa force, parce que la garantie d\u2019une r\u00e9alit\u00e9 de la vie associative passe par ses adh\u00e9rents, les PEP ont besoin de nouveaux adh\u00e9rents. Enfant ou adulte, rejoignez les 450 000 adh\u00e9rents [&hellip;]","og_url":"https:\/\/www.lespepauvergnerhonealpes.org\/pep43\/sengager-avec-les-pep\/adherer\/","og_site_name":"Association des PEP 43 (Haute-Loire)","article_modified_time":"2019-10-01T10:07:46+00:00","twitter_card":"summary_large_image","schema":{"@context":"https:\/\/schema.org","@graph":[{"@type":"WebPage","@id":"https:\/\/www.lespepauvergnerhonealpes.org\/pep43\/sengager-avec-les-pep\/adherer\/","url":"https:\/\/www.lespepauvergnerhonealpes.org\/pep43\/sengager-avec-les-pep\/adherer\/","name":"Adh\u00e9rer - Association des PEP 43 (Haute-Loire)","isPartOf":{"@id":"https:\/\/www.lespepauvergnerhonealpes.org\/pep43\/#website"},"datePublished":"2019-09-30T12:05:49+00:00","dateModified":"2019-10-01T10:07:46+00:00","breadcrumb":{"@id":"https:\/\/www.lespepauvergnerhonealpes.org\/pep43\/sengager-avec-les-pep\/adherer\/#breadcrumb"},"inLanguage":"fr-FR","potentialAction":[{"@type":"ReadAction","target":["https:\/\/www.lespepauvergnerhonealpes.org\/pep43\/sengager-avec-les-pep\/adherer\/"]}]},{"@type":"BreadcrumbList","@id":"https:\/\/www.lespepauvergnerhonealpes.org\/pep43\/sengager-avec-les-pep\/adherer\/#breadcrumb","itemListElement":[{"@type":"ListItem","position":1,"name":"Accueil","item":"https:\/\/www.lespepauvergnerhonealpes.org\/pep43\/"},{"@type":"ListItem","position":2,"name":"S&rsquo;engager avec les PEP","item":"https:\/\/www.lespepauvergnerhonealpes.org\/pep43\/sengager-avec-les-pep\/"},{"@type":"ListItem","position":3,"name":"Adh\u00e9rer"}]},{"@type":"WebSite","@id":"https:\/\/www.lespepauvergnerhonealpes.org\/pep43\/#website","url":"https:\/\/www.lespepauvergnerhonealpes.org\/pep43\/","name":"Association des PEP 43 (Haute-Loire)","description":"Un site utilisant Les sites de Les PEP Auvergne Rh\u00f4ne Alpes","potentialAction":[{"@type":"SearchAction","target":{"@type":"EntryPoint","urlTemplate":"https:\/\/www.lespepauvergnerhonealpes.org\/pep43\/?s={search_term_string}"},"query-input":{"@type":"PropertyValueSpecification","valueRequired":true,"valueName":"search_term_string"}}],"inLanguage":"fr-FR"}]}},"publishpress_future_action":{"enabled":false,"date":"2026-05-04 20:20:25","action":"change-status","newStatus":"draft","terms":[],"taxonomy":"","extraData":[]},"publishpress_future_workflow_manual_trigger":{"enabledWorkflows":[]},"_links":{"self":[{"href":"https:\/\/www.lespepauvergnerhonealpes.org\/pep43\/wp-json\/wp\/v2\/pages\/27","targetHints":{"allow":["GET"]}}],"collection":[{"href":"https:\/\/www.lespepauvergnerhonealpes.org\/pep43\/wp-json\/wp\/v2\/pages"}],"about":[{"href":"https:\/\/www.lespepauvergnerhonealpes.org\/pep43\/wp-json\/wp\/v2\/types\/page"}],"author":[{"embeddable":true,"href":"https:\/\/www.lespepauvergnerhonealpes.org\/pep43\/wp-json\/wp\/v2\/users\/1"}],"replies":[{"embeddable":true,"href":"https:\/\/www.lespepauvergnerhonealpes.org\/pep43\/wp-json\/wp\/v2\/comments?post=27"}],"version-history":[{"count":2,"href":"https:\/\/www.lespepauvergnerhonealpes.org\/pep43\/wp-json\/wp\/v2\/pages\/27\/revisions"}],"predecessor-version":[{"id":185,"href":"https:\/\/www.lespepauvergnerhonealpes.org\/pep43\/wp-json\/wp\/v2\/pages\/27\/revisions\/185"}],"up":[{"embeddable":true,"href":"https:\/\/www.lespepauvergnerhonealpes.org\/pep43\/wp-json\/wp\/v2\/pages\/10"}],"wp:attachment":[{"href":"https:\/\/www.lespepauvergnerhonealpes.org\/pep43\/wp-json\/wp\/v2\/media?parent=27"}],"curies":[{"name":"wp","href":"https:\/\/api.w.org\/{rel}","templated":true}]}}