{"id":22,"date":"2019-09-30T14:05:00","date_gmt":"2019-09-30T12:05:00","guid":{"rendered":"http:\/\/www.lespepauvergnerhonealpes.org\/pep43\/qui-sommes-nous\/valeurs-et-missions\/nos-representations\/"},"modified":"2019-09-30T14:07:16","modified_gmt":"2019-09-30T12:07:16","slug":"nos-representations","status":"publish","type":"page","link":"https:\/\/www.lespepauvergnerhonealpes.org\/pep43\/valeurs-et-missions\/nos-representations\/","title":{"rendered":"Nos repr\u00e9sentations"},"content":{"rendered":"<blockquote><p><strong>Les PEP (Pupilles de L\u2019Enseignement Public) est un r\u00e9seau de 123 associations de proximit\u00e9 f\u00e9d\u00e9r\u00e9es au sein de la FGPEP (F\u00e9d\u00e9ration G\u00e9n\u00e9rale des PEP). C\u2019est un mouvement de transformation sociale.<\/strong><\/p><\/blockquote>\n<h4><strong>Les PEP exercent des fonctions au sein des instances d\u00e9cisionnaires des organismes suivants :<\/strong><\/h4>\n<p><a href=\"http:\/\/www.education.gouv.fr\/cid56490\/les-organismes-consultatifs.html\"><strong>CNAECEP<\/strong><\/a>\u00a0(Conseil National des Associations \u00c9ducatives Compl\u00e9mentaires de l\u2019Enseignement Public)<\/p>\n","protected":false},"excerpt":{"rendered":"<p>Les PEP (Pupilles de L\u2019Enseignement Public) est un r\u00e9seau de 123 associations de proximit\u00e9 f\u00e9d\u00e9r\u00e9es au sein de la FGPEP (F\u00e9d\u00e9ration G\u00e9n\u00e9rale des PEP). C\u2019est un mouvement de transformation sociale. Les PEP exercent des fonctions au sein des instances d\u00e9cisionnaires des organismes suivants : CNAECEP\u00a0(Conseil National des Associations \u00c9ducatives Compl\u00e9mentaires de l\u2019Enseignement Public)<\/p>\n","protected":false},"author":1,"featured_media":0,"parent":17,"menu_order":2,"comment_status":"closed","ping_status":"closed","template":"","meta":{"_acf_changed":false,"footnotes":""},"class_list":["post-22","page","type-page","status-publish","hentry"],"acf":[],"yoast_head":"<!-- This site is optimized with the Yoast SEO plugin v27.2 - https:\/\/yoast.com\/product\/yoast-seo-wordpress\/ -->\n<title>Nos repr\u00e9sentations - Association des PEP 43 (Haute-Loire)<\/title>\n<meta name=\"robots\" content=\"noindex, follow, max-snippet:-1, max-image-preview:large, max-video-preview:-1\" \/>\n<meta property=\"og:locale\" content=\"fr_FR\" \/>\n<meta property=\"og:type\" content=\"article\" \/>\n<meta property=\"og:title\" content=\"Nos repr\u00e9sentations - Association des PEP 43 (Haute-Loire)\" \/>\n<meta property=\"og:description\" content=\"Les PEP (Pupilles de L\u2019Enseignement Public) est un r\u00e9seau de 123 associations de proximit\u00e9 f\u00e9d\u00e9r\u00e9es au sein de la FGPEP (F\u00e9d\u00e9ration G\u00e9n\u00e9rale des PEP). C\u2019est un mouvement de transformation sociale. Les PEP exercent des fonctions au sein des instances d\u00e9cisionnaires des organismes suivants : CNAECEP\u00a0(Conseil National des Associations \u00c9ducatives Compl\u00e9mentaires de l\u2019Enseignement Public)\" \/>\n<meta property=\"og:url\" content=\"https:\/\/www.lespepauvergnerhonealpes.org\/pep43\/valeurs-et-missions\/nos-representations\/\" \/>\n<meta property=\"og:site_name\" content=\"Association des PEP 43 (Haute-Loire)\" \/>\n<meta property=\"article:modified_time\" content=\"2019-09-30T12:07:16+00:00\" \/>\n<meta name=\"twitter:card\" content=\"summary_large_image\" \/>\n<script type=\"application\/ld+json\" class=\"yoast-schema-graph\">{\"@context\":\"https:\/\/schema.org\",\"@graph\":[{\"@type\":\"WebPage\",\"@id\":\"https:\/\/www.lespepauvergnerhonealpes.org\/pep43\/valeurs-et-missions\/nos-representations\/\",\"url\":\"https:\/\/www.lespepauvergnerhonealpes.org\/pep43\/valeurs-et-missions\/nos-representations\/\",\"name\":\"Nos repr\u00e9sentations - Association des PEP 43 (Haute-Loire)\",\"isPartOf\":{\"@id\":\"https:\/\/www.lespepauvergnerhonealpes.org\/pep43\/#website\"},\"datePublished\":\"2019-09-30T12:05:00+00:00\",\"dateModified\":\"2019-09-30T12:07:16+00:00\",\"breadcrumb\":{\"@id\":\"https:\/\/www.lespepauvergnerhonealpes.org\/pep43\/valeurs-et-missions\/nos-representations\/#breadcrumb\"},\"inLanguage\":\"fr-FR\",\"potentialAction\":[{\"@type\":\"ReadAction\",\"target\":[\"https:\/\/www.lespepauvergnerhonealpes.org\/pep43\/valeurs-et-missions\/nos-representations\/\"]}]},{\"@type\":\"BreadcrumbList\",\"@id\":\"https:\/\/www.lespepauvergnerhonealpes.org\/pep43\/valeurs-et-missions\/nos-representations\/#breadcrumb\",\"itemListElement\":[{\"@type\":\"ListItem\",\"position\":1,\"name\":\"Accueil\",\"item\":\"https:\/\/www.lespepauvergnerhonealpes.org\/pep43\/\"},{\"@type\":\"ListItem\",\"position\":2,\"name\":\"Nos missions\",\"item\":\"https:\/\/www.lespepauvergnerhonealpes.org\/pep43\/valeurs-et-missions\/\"},{\"@type\":\"ListItem\",\"position\":3,\"name\":\"Nos repr\u00e9sentations\"}]},{\"@type\":\"WebSite\",\"@id\":\"https:\/\/www.lespepauvergnerhonealpes.org\/pep43\/#website\",\"url\":\"https:\/\/www.lespepauvergnerhonealpes.org\/pep43\/\",\"name\":\"Association des PEP 43 (Haute-Loire)\",\"description\":\"Un site utilisant Les sites de Les PEP Auvergne Rh\u00f4ne Alpes\",\"potentialAction\":[{\"@type\":\"SearchAction\",\"target\":{\"@type\":\"EntryPoint\",\"urlTemplate\":\"https:\/\/www.lespepauvergnerhonealpes.org\/pep43\/?s={search_term_string}\"},\"query-input\":{\"@type\":\"PropertyValueSpecification\",\"valueRequired\":true,\"valueName\":\"search_term_string\"}}],\"inLanguage\":\"fr-FR\"}]}<\/script>\n<!-- \/ Yoast SEO plugin. -->","yoast_head_json":{"title":"Nos repr\u00e9sentations - Association des PEP 43 (Haute-Loire)","robots":{"index":"noindex","follow":"follow","max-snippet":"max-snippet:-1","max-image-preview":"max-image-preview:large","max-video-preview":"max-video-preview:-1"},"og_locale":"fr_FR","og_type":"article","og_title":"Nos repr\u00e9sentations - Association des PEP 43 (Haute-Loire)","og_description":"Les PEP (Pupilles de L\u2019Enseignement Public) est un r\u00e9seau de 123 associations de proximit\u00e9 f\u00e9d\u00e9r\u00e9es au sein de la FGPEP (F\u00e9d\u00e9ration G\u00e9n\u00e9rale des PEP). C\u2019est un mouvement de transformation sociale. Les PEP exercent des fonctions au sein des instances d\u00e9cisionnaires des organismes suivants : CNAECEP\u00a0(Conseil National des Associations \u00c9ducatives Compl\u00e9mentaires de l\u2019Enseignement Public)","og_url":"https:\/\/www.lespepauvergnerhonealpes.org\/pep43\/valeurs-et-missions\/nos-representations\/","og_site_name":"Association des PEP 43 (Haute-Loire)","article_modified_time":"2019-09-30T12:07:16+00:00","twitter_card":"summary_large_image","schema":{"@context":"https:\/\/schema.org","@graph":[{"@type":"WebPage","@id":"https:\/\/www.lespepauvergnerhonealpes.org\/pep43\/valeurs-et-missions\/nos-representations\/","url":"https:\/\/www.lespepauvergnerhonealpes.org\/pep43\/valeurs-et-missions\/nos-representations\/","name":"Nos repr\u00e9sentations - Association des PEP 43 (Haute-Loire)","isPartOf":{"@id":"https:\/\/www.lespepauvergnerhonealpes.org\/pep43\/#website"},"datePublished":"2019-09-30T12:05:00+00:00","dateModified":"2019-09-30T12:07:16+00:00","breadcrumb":{"@id":"https:\/\/www.lespepauvergnerhonealpes.org\/pep43\/valeurs-et-missions\/nos-representations\/#breadcrumb"},"inLanguage":"fr-FR","potentialAction":[{"@type":"ReadAction","target":["https:\/\/www.lespepauvergnerhonealpes.org\/pep43\/valeurs-et-missions\/nos-representations\/"]}]},{"@type":"BreadcrumbList","@id":"https:\/\/www.lespepauvergnerhonealpes.org\/pep43\/valeurs-et-missions\/nos-representations\/#breadcrumb","itemListElement":[{"@type":"ListItem","position":1,"name":"Accueil","item":"https:\/\/www.lespepauvergnerhonealpes.org\/pep43\/"},{"@type":"ListItem","position":2,"name":"Nos missions","item":"https:\/\/www.lespepauvergnerhonealpes.org\/pep43\/valeurs-et-missions\/"},{"@type":"ListItem","position":3,"name":"Nos repr\u00e9sentations"}]},{"@type":"WebSite","@id":"https:\/\/www.lespepauvergnerhonealpes.org\/pep43\/#website","url":"https:\/\/www.lespepauvergnerhonealpes.org\/pep43\/","name":"Association des PEP 43 (Haute-Loire)","description":"Un site utilisant Les sites de Les PEP Auvergne Rh\u00f4ne Alpes","potentialAction":[{"@type":"SearchAction","target":{"@type":"EntryPoint","urlTemplate":"https:\/\/www.lespepauvergnerhonealpes.org\/pep43\/?s={search_term_string}"},"query-input":{"@type":"PropertyValueSpecification","valueRequired":true,"valueName":"search_term_string"}}],"inLanguage":"fr-FR"}]}},"publishpress_future_action":{"enabled":false,"date":"2026-05-04 20:20:05","action":"change-status","newStatus":"draft","terms":[],"taxonomy":"","extraData":[]},"publishpress_future_workflow_manual_trigger":{"enabledWorkflows":[]},"_links":{"self":[{"href":"https:\/\/www.lespepauvergnerhonealpes.org\/pep43\/wp-json\/wp\/v2\/pages\/22","targetHints":{"allow":["GET"]}}],"collection":[{"href":"https:\/\/www.lespepauvergnerhonealpes.org\/pep43\/wp-json\/wp\/v2\/pages"}],"about":[{"href":"https:\/\/www.lespepauvergnerhonealpes.org\/pep43\/wp-json\/wp\/v2\/types\/page"}],"author":[{"embeddable":true,"href":"https:\/\/www.lespepauvergnerhonealpes.org\/pep43\/wp-json\/wp\/v2\/users\/1"}],"replies":[{"embeddable":true,"href":"https:\/\/www.lespepauvergnerhonealpes.org\/pep43\/wp-json\/wp\/v2\/comments?post=22"}],"version-history":[{"count":1,"href":"https:\/\/www.lespepauvergnerhonealpes.org\/pep43\/wp-json\/wp\/v2\/pages\/22\/revisions"}],"predecessor-version":[{"id":32,"href":"https:\/\/www.lespepauvergnerhonealpes.org\/pep43\/wp-json\/wp\/v2\/pages\/22\/revisions\/32"}],"up":[{"embeddable":true,"href":"https:\/\/www.lespepauvergnerhonealpes.org\/pep43\/wp-json\/wp\/v2\/pages\/17"}],"wp:attachment":[{"href":"https:\/\/www.lespepauvergnerhonealpes.org\/pep43\/wp-json\/wp\/v2\/media?parent=22"}],"curies":[{"name":"wp","href":"https:\/\/api.w.org\/{rel}","templated":true}]}}