{"id":21,"date":"2019-09-30T14:05:00","date_gmt":"2019-09-30T12:05:00","guid":{"rendered":"http:\/\/www.lespepauvergnerhonealpes.org\/pep43\/qui-sommes-nous\/valeurs-et-missions\/les-valeurs\/"},"modified":"2020-02-13T07:07:39","modified_gmt":"2020-02-13T06:07:39","slug":"les-valeurs","status":"publish","type":"page","link":"https:\/\/www.lespepauvergnerhonealpes.org\/pep43\/valeurs-et-missions\/les-valeurs\/","title":{"rendered":"Les valeurs"},"content":{"rendered":"<p>Les actions des associations PEP sont guid\u00e9es par les\u00a0<strong>valeurs<\/strong>\u00a0de\u00a0<strong>La\u00efcit\u00e9<\/strong>, de\u00a0<strong>Solidarit\u00e9<\/strong>, d\u2019<strong>\u00c9galit\u00e9<\/strong>\u00a0et de\u00a0<strong>Citoyennet\u00e9<\/strong>. Ces valeurs sont indissociables les unes des autres. Elles s\u2019enrichissent de leurs n\u00e9cessaires interactions. Elles participent \u00e0 la construction d\u2019une soci\u00e9t\u00e9 plus inclusive, plus \u00e9clair\u00e9e et plus solidaire \u00e0 la fois.<\/p>\n","protected":false},"excerpt":{"rendered":"<p>Les actions des associations PEP sont guid\u00e9es par les\u00a0valeurs\u00a0de\u00a0La\u00efcit\u00e9, de\u00a0Solidarit\u00e9, d\u2019\u00c9galit\u00e9\u00a0et de\u00a0Citoyennet\u00e9. Ces valeurs sont indissociables les unes des autres. Elles s\u2019enrichissent de leurs n\u00e9cessaires interactions. Elles participent \u00e0 la construction d\u2019une soci\u00e9t\u00e9 plus inclusive, plus \u00e9clair\u00e9e et plus solidaire \u00e0 la fois.<\/p>\n","protected":false},"author":1,"featured_media":0,"parent":17,"menu_order":1,"comment_status":"closed","ping_status":"closed","template":"","meta":{"_acf_changed":false,"footnotes":""},"class_list":["post-21","page","type-page","status-publish","hentry"],"acf":[],"yoast_head":"<!-- This site is optimized with the Yoast SEO plugin v27.2 - https:\/\/yoast.com\/product\/yoast-seo-wordpress\/ -->\n<title>Les valeurs - Association des PEP 43 (Haute-Loire)<\/title>\n<meta name=\"robots\" content=\"noindex, follow, max-snippet:-1, max-image-preview:large, max-video-preview:-1\" \/>\n<meta property=\"og:locale\" content=\"fr_FR\" \/>\n<meta property=\"og:type\" content=\"article\" \/>\n<meta property=\"og:title\" content=\"Les valeurs - Association des PEP 43 (Haute-Loire)\" \/>\n<meta property=\"og:description\" content=\"Les actions des associations PEP sont guid\u00e9es par les\u00a0valeurs\u00a0de\u00a0La\u00efcit\u00e9, de\u00a0Solidarit\u00e9, d\u2019\u00c9galit\u00e9\u00a0et de\u00a0Citoyennet\u00e9. Ces valeurs sont indissociables les unes des autres. Elles s\u2019enrichissent de leurs n\u00e9cessaires interactions. Elles participent \u00e0 la construction d\u2019une soci\u00e9t\u00e9 plus inclusive, plus \u00e9clair\u00e9e et plus solidaire \u00e0 la fois.\" \/>\n<meta property=\"og:url\" content=\"https:\/\/www.lespepauvergnerhonealpes.org\/pep43\/valeurs-et-missions\/les-valeurs\/\" \/>\n<meta property=\"og:site_name\" content=\"Association des PEP 43 (Haute-Loire)\" \/>\n<meta property=\"article:modified_time\" content=\"2020-02-13T06:07:39+00:00\" \/>\n<meta name=\"twitter:card\" content=\"summary_large_image\" \/>\n<script type=\"application\/ld+json\" class=\"yoast-schema-graph\">{\"@context\":\"https:\/\/schema.org\",\"@graph\":[{\"@type\":\"WebPage\",\"@id\":\"https:\/\/www.lespepauvergnerhonealpes.org\/pep43\/valeurs-et-missions\/les-valeurs\/\",\"url\":\"https:\/\/www.lespepauvergnerhonealpes.org\/pep43\/valeurs-et-missions\/les-valeurs\/\",\"name\":\"Les valeurs - Association des PEP 43 (Haute-Loire)\",\"isPartOf\":{\"@id\":\"https:\/\/www.lespepauvergnerhonealpes.org\/pep43\/#website\"},\"datePublished\":\"2019-09-30T12:05:00+00:00\",\"dateModified\":\"2020-02-13T06:07:39+00:00\",\"breadcrumb\":{\"@id\":\"https:\/\/www.lespepauvergnerhonealpes.org\/pep43\/valeurs-et-missions\/les-valeurs\/#breadcrumb\"},\"inLanguage\":\"fr-FR\",\"potentialAction\":[{\"@type\":\"ReadAction\",\"target\":[\"https:\/\/www.lespepauvergnerhonealpes.org\/pep43\/valeurs-et-missions\/les-valeurs\/\"]}]},{\"@type\":\"BreadcrumbList\",\"@id\":\"https:\/\/www.lespepauvergnerhonealpes.org\/pep43\/valeurs-et-missions\/les-valeurs\/#breadcrumb\",\"itemListElement\":[{\"@type\":\"ListItem\",\"position\":1,\"name\":\"Accueil\",\"item\":\"https:\/\/www.lespepauvergnerhonealpes.org\/pep43\/\"},{\"@type\":\"ListItem\",\"position\":2,\"name\":\"Nos missions\",\"item\":\"https:\/\/www.lespepauvergnerhonealpes.org\/pep43\/valeurs-et-missions\/\"},{\"@type\":\"ListItem\",\"position\":3,\"name\":\"Les valeurs\"}]},{\"@type\":\"WebSite\",\"@id\":\"https:\/\/www.lespepauvergnerhonealpes.org\/pep43\/#website\",\"url\":\"https:\/\/www.lespepauvergnerhonealpes.org\/pep43\/\",\"name\":\"Association des PEP 43 (Haute-Loire)\",\"description\":\"Un site utilisant Les sites de Les PEP Auvergne Rh\u00f4ne Alpes\",\"potentialAction\":[{\"@type\":\"SearchAction\",\"target\":{\"@type\":\"EntryPoint\",\"urlTemplate\":\"https:\/\/www.lespepauvergnerhonealpes.org\/pep43\/?s={search_term_string}\"},\"query-input\":{\"@type\":\"PropertyValueSpecification\",\"valueRequired\":true,\"valueName\":\"search_term_string\"}}],\"inLanguage\":\"fr-FR\"}]}<\/script>\n<!-- \/ Yoast SEO plugin. -->","yoast_head_json":{"title":"Les valeurs - Association des PEP 43 (Haute-Loire)","robots":{"index":"noindex","follow":"follow","max-snippet":"max-snippet:-1","max-image-preview":"max-image-preview:large","max-video-preview":"max-video-preview:-1"},"og_locale":"fr_FR","og_type":"article","og_title":"Les valeurs - Association des PEP 43 (Haute-Loire)","og_description":"Les actions des associations PEP sont guid\u00e9es par les\u00a0valeurs\u00a0de\u00a0La\u00efcit\u00e9, de\u00a0Solidarit\u00e9, d\u2019\u00c9galit\u00e9\u00a0et de\u00a0Citoyennet\u00e9. Ces valeurs sont indissociables les unes des autres. Elles s\u2019enrichissent de leurs n\u00e9cessaires interactions. Elles participent \u00e0 la construction d\u2019une soci\u00e9t\u00e9 plus inclusive, plus \u00e9clair\u00e9e et plus solidaire \u00e0 la fois.","og_url":"https:\/\/www.lespepauvergnerhonealpes.org\/pep43\/valeurs-et-missions\/les-valeurs\/","og_site_name":"Association des PEP 43 (Haute-Loire)","article_modified_time":"2020-02-13T06:07:39+00:00","twitter_card":"summary_large_image","schema":{"@context":"https:\/\/schema.org","@graph":[{"@type":"WebPage","@id":"https:\/\/www.lespepauvergnerhonealpes.org\/pep43\/valeurs-et-missions\/les-valeurs\/","url":"https:\/\/www.lespepauvergnerhonealpes.org\/pep43\/valeurs-et-missions\/les-valeurs\/","name":"Les valeurs - Association des PEP 43 (Haute-Loire)","isPartOf":{"@id":"https:\/\/www.lespepauvergnerhonealpes.org\/pep43\/#website"},"datePublished":"2019-09-30T12:05:00+00:00","dateModified":"2020-02-13T06:07:39+00:00","breadcrumb":{"@id":"https:\/\/www.lespepauvergnerhonealpes.org\/pep43\/valeurs-et-missions\/les-valeurs\/#breadcrumb"},"inLanguage":"fr-FR","potentialAction":[{"@type":"ReadAction","target":["https:\/\/www.lespepauvergnerhonealpes.org\/pep43\/valeurs-et-missions\/les-valeurs\/"]}]},{"@type":"BreadcrumbList","@id":"https:\/\/www.lespepauvergnerhonealpes.org\/pep43\/valeurs-et-missions\/les-valeurs\/#breadcrumb","itemListElement":[{"@type":"ListItem","position":1,"name":"Accueil","item":"https:\/\/www.lespepauvergnerhonealpes.org\/pep43\/"},{"@type":"ListItem","position":2,"name":"Nos missions","item":"https:\/\/www.lespepauvergnerhonealpes.org\/pep43\/valeurs-et-missions\/"},{"@type":"ListItem","position":3,"name":"Les valeurs"}]},{"@type":"WebSite","@id":"https:\/\/www.lespepauvergnerhonealpes.org\/pep43\/#website","url":"https:\/\/www.lespepauvergnerhonealpes.org\/pep43\/","name":"Association des PEP 43 (Haute-Loire)","description":"Un site utilisant Les sites de Les PEP Auvergne Rh\u00f4ne Alpes","potentialAction":[{"@type":"SearchAction","target":{"@type":"EntryPoint","urlTemplate":"https:\/\/www.lespepauvergnerhonealpes.org\/pep43\/?s={search_term_string}"},"query-input":{"@type":"PropertyValueSpecification","valueRequired":true,"valueName":"search_term_string"}}],"inLanguage":"fr-FR"}]}},"publishpress_future_action":{"enabled":false,"date":"2026-05-04 20:27:41","action":"change-status","newStatus":"draft","terms":[],"taxonomy":"","extraData":[]},"publishpress_future_workflow_manual_trigger":{"enabledWorkflows":[]},"_links":{"self":[{"href":"https:\/\/www.lespepauvergnerhonealpes.org\/pep43\/wp-json\/wp\/v2\/pages\/21","targetHints":{"allow":["GET"]}}],"collection":[{"href":"https:\/\/www.lespepauvergnerhonealpes.org\/pep43\/wp-json\/wp\/v2\/pages"}],"about":[{"href":"https:\/\/www.lespepauvergnerhonealpes.org\/pep43\/wp-json\/wp\/v2\/types\/page"}],"author":[{"embeddable":true,"href":"https:\/\/www.lespepauvergnerhonealpes.org\/pep43\/wp-json\/wp\/v2\/users\/1"}],"replies":[{"embeddable":true,"href":"https:\/\/www.lespepauvergnerhonealpes.org\/pep43\/wp-json\/wp\/v2\/comments?post=21"}],"version-history":[{"count":2,"href":"https:\/\/www.lespepauvergnerhonealpes.org\/pep43\/wp-json\/wp\/v2\/pages\/21\/revisions"}],"predecessor-version":[{"id":313,"href":"https:\/\/www.lespepauvergnerhonealpes.org\/pep43\/wp-json\/wp\/v2\/pages\/21\/revisions\/313"}],"up":[{"embeddable":true,"href":"https:\/\/www.lespepauvergnerhonealpes.org\/pep43\/wp-json\/wp\/v2\/pages\/17"}],"wp:attachment":[{"href":"https:\/\/www.lespepauvergnerhonealpes.org\/pep43\/wp-json\/wp\/v2\/media?parent=21"}],"curies":[{"name":"wp","href":"https:\/\/api.w.org\/{rel}","templated":true}]}}