{"id":13,"date":"2019-09-30T14:01:07","date_gmt":"2019-09-30T12:01:07","guid":{"rendered":"http:\/\/www.lespepauvergnerhonealpes.org\/pep43\/mentions-legales\/"},"modified":"2020-02-20T15:47:42","modified_gmt":"2020-02-20T14:47:42","slug":"mentions-legales","status":"publish","type":"page","link":"https:\/\/www.lespepauvergnerhonealpes.org\/pep43\/mentions-legales\/","title":{"rendered":"Mentions l\u00e9gales"},"content":{"rendered":"<p><\/p>\n<h2>PROPRIETAIRE DU SITE<\/h2>\n<p>Les PEP 43<br \/>Si\u00e8ge social : xxxxxxxxxxx (France)<br \/>Contact : xxxxx\/\/@\/\/xxxxxx<br \/>T\u00e9l. : xx xx xx xx xx<br \/>Directeur de publication : xxxxxx XXXXXXXXX<\/p>\n<h2>CONCEPTION ET CR\u00c9ATION DU SITE<\/h2>\n<p>ADaKa SAS\u00a0au capital de 5000 \u20ac<br \/>Si\u00e8ge social\u00a0: 12 rue Charles Guillon 01000 Bourg en Bresse (France)<br \/>R.C.S BOURG EN BRESSE 499 437 515<br \/>N\u00b0\u00a0TVA intracommunautaire\u00a0: FR20499437515<br \/>Code NAF\u00a0: 7311Z<br \/>Contact\u00a0: contact\/\/@\/\/adaka.fr<br \/>T\u00e9l.\u00a0: 04 74 23 10 02<\/p>\n<h2>H\u00c9BERGEMENT<\/h2>\n<p>C\u2019PRO<br \/>53 avenue des Langories \u2013 Plateau de Lautagne<br \/>26000 Valence<br \/>04 75 78 14 14<br \/>RCS Romans B 430 355 495<\/p>\n<h2>VIE PRIVEE<\/h2>\n<p>Les PEP 43 s\u2019engagent \u00e0 ne pas divulguer les informations personnelles vous concernant \u00e0 des tiers.<\/p>\n<h2>INFORMATIONS PERSONNELLES<\/h2>\n<p>Les PEP 43 assurent la s\u00e9curit\u00e9 de vos donn\u00e9es transmises par vos soins mais vous demande de prendre les pr\u00e9cautions n\u00e9cessaires quant aux risques inh\u00e9rents de l\u2019outil Internet.<\/p>\n<p>Les PEP 43 s\u2019engagent \u00e0 ce que la collecte et le traitement de vos donn\u00e9es, effectu\u00e9s \u00e0 partir de ce site, soient conformes au r\u00e8glement g\u00e9n\u00e9ral sur la protection des donn\u00e9es (RGPD) en date du 25 mai 2018 et \u00e0 la loi Informatique et Libert\u00e9s.<\/p>\n<p>Conform\u00e9ment \u00e0 la Loi informatique et libert\u00e9s du 6 janvier 1978, modifi\u00e9e en 2004, vous disposez d\u2019un droit d\u2019acc\u00e8s, de modification, de rectification et de suppression des donn\u00e9es vous concernant. Pour exercer ce droit, nous vous invitons \u00e0 nous contacter par courrier \u00e0 l\u2019adresse ci-dessus.<\/p>\n<h2>DROITS D\u2019AUTEUR<\/h2>\n<p>Toutes les donn\u00e9es de ce site (textes, images, illustrations, photos, squelettes techniques des pages) sont prot\u00e9g\u00e9es par la l\u00e9gislation sur le droit d\u2019auteur. Il est donc interdit d\u2019exploiter ce site sans autorisation sign\u00e9e des PEP 43.<\/p>\n<p>A ce titre, toute reproduction, repr\u00e9sentation, utilisation, adaptation, modification, traduction, commercialisation, partielles ou int\u00e9grales par quelque proc\u00e9d\u00e9 et sur quelque support que ce soit est interdite, sans accord pr\u00e9alable des PEP 43.<\/p>\n<h2>LIENS HYPERTEXTES<\/h2>\n<p>Le site propose des liens vers d\u2019autres sites qui vous feront sortir du site des PEP 43. Le contenu de ces sites ne peut engager la responsabilit\u00e9s des PEP 43.<\/p>\n<p>Les PEP 43 se r\u00e9serve le droit de changer ses donn\u00e9es l\u00e9gales \u00e0 tout moment.<\/p>\n<\/p>\n<p>\n<\/p>","protected":false},"excerpt":{"rendered":"","protected":false},"author":1,"featured_media":0,"parent":0,"menu_order":7,"comment_status":"closed","ping_status":"closed","template":"","meta":{"_acf_changed":false,"footnotes":""},"class_list":["post-13","page","type-page","status-publish","hentry"],"acf":[],"yoast_head":"<!-- This site is optimized with the Yoast SEO plugin v27.2 - https:\/\/yoast.com\/product\/yoast-seo-wordpress\/ -->\n<title>Mentions l\u00e9gales - Association des PEP 43 (Haute-Loire)<\/title>\n<meta name=\"robots\" content=\"noindex, follow, max-snippet:-1, max-image-preview:large, max-video-preview:-1\" \/>\n<meta property=\"og:locale\" content=\"fr_FR\" \/>\n<meta property=\"og:type\" content=\"article\" \/>\n<meta property=\"og:title\" content=\"Mentions l\u00e9gales - Association des PEP 43 (Haute-Loire)\" \/>\n<meta property=\"og:url\" content=\"https:\/\/www.lespepauvergnerhonealpes.org\/pep43\/mentions-legales\/\" \/>\n<meta property=\"og:site_name\" content=\"Association des PEP 43 (Haute-Loire)\" \/>\n<meta property=\"article:modified_time\" content=\"2020-02-20T14:47:42+00:00\" \/>\n<meta name=\"twitter:card\" content=\"summary_large_image\" \/>\n<meta name=\"twitter:label1\" content=\"Dur\u00e9e de lecture estim\u00e9e\" \/>\n\t<meta name=\"twitter:data1\" content=\"2 minutes\" \/>\n<script type=\"application\/ld+json\" class=\"yoast-schema-graph\">{\"@context\":\"https:\/\/schema.org\",\"@graph\":[{\"@type\":\"WebPage\",\"@id\":\"https:\/\/www.lespepauvergnerhonealpes.org\/pep43\/mentions-legales\/\",\"url\":\"https:\/\/www.lespepauvergnerhonealpes.org\/pep43\/mentions-legales\/\",\"name\":\"Mentions l\u00e9gales - Association des PEP 43 (Haute-Loire)\",\"isPartOf\":{\"@id\":\"https:\/\/www.lespepauvergnerhonealpes.org\/pep43\/#website\"},\"datePublished\":\"2019-09-30T12:01:07+00:00\",\"dateModified\":\"2020-02-20T14:47:42+00:00\",\"breadcrumb\":{\"@id\":\"https:\/\/www.lespepauvergnerhonealpes.org\/pep43\/mentions-legales\/#breadcrumb\"},\"inLanguage\":\"fr-FR\",\"potentialAction\":[{\"@type\":\"ReadAction\",\"target\":[\"https:\/\/www.lespepauvergnerhonealpes.org\/pep43\/mentions-legales\/\"]}]},{\"@type\":\"BreadcrumbList\",\"@id\":\"https:\/\/www.lespepauvergnerhonealpes.org\/pep43\/mentions-legales\/#breadcrumb\",\"itemListElement\":[{\"@type\":\"ListItem\",\"position\":1,\"name\":\"Accueil\",\"item\":\"https:\/\/www.lespepauvergnerhonealpes.org\/pep43\/\"},{\"@type\":\"ListItem\",\"position\":2,\"name\":\"Mentions l\u00e9gales\"}]},{\"@type\":\"WebSite\",\"@id\":\"https:\/\/www.lespepauvergnerhonealpes.org\/pep43\/#website\",\"url\":\"https:\/\/www.lespepauvergnerhonealpes.org\/pep43\/\",\"name\":\"Association des PEP 43 (Haute-Loire)\",\"description\":\"Un site utilisant Les sites de Les PEP Auvergne Rh\u00f4ne Alpes\",\"potentialAction\":[{\"@type\":\"SearchAction\",\"target\":{\"@type\":\"EntryPoint\",\"urlTemplate\":\"https:\/\/www.lespepauvergnerhonealpes.org\/pep43\/?s={search_term_string}\"},\"query-input\":{\"@type\":\"PropertyValueSpecification\",\"valueRequired\":true,\"valueName\":\"search_term_string\"}}],\"inLanguage\":\"fr-FR\"}]}<\/script>\n<!-- \/ Yoast SEO plugin. -->","yoast_head_json":{"title":"Mentions l\u00e9gales - Association des PEP 43 (Haute-Loire)","robots":{"index":"noindex","follow":"follow","max-snippet":"max-snippet:-1","max-image-preview":"max-image-preview:large","max-video-preview":"max-video-preview:-1"},"og_locale":"fr_FR","og_type":"article","og_title":"Mentions l\u00e9gales - Association des PEP 43 (Haute-Loire)","og_url":"https:\/\/www.lespepauvergnerhonealpes.org\/pep43\/mentions-legales\/","og_site_name":"Association des PEP 43 (Haute-Loire)","article_modified_time":"2020-02-20T14:47:42+00:00","twitter_card":"summary_large_image","twitter_misc":{"Dur\u00e9e de lecture estim\u00e9e":"2 minutes"},"schema":{"@context":"https:\/\/schema.org","@graph":[{"@type":"WebPage","@id":"https:\/\/www.lespepauvergnerhonealpes.org\/pep43\/mentions-legales\/","url":"https:\/\/www.lespepauvergnerhonealpes.org\/pep43\/mentions-legales\/","name":"Mentions l\u00e9gales - Association des PEP 43 (Haute-Loire)","isPartOf":{"@id":"https:\/\/www.lespepauvergnerhonealpes.org\/pep43\/#website"},"datePublished":"2019-09-30T12:01:07+00:00","dateModified":"2020-02-20T14:47:42+00:00","breadcrumb":{"@id":"https:\/\/www.lespepauvergnerhonealpes.org\/pep43\/mentions-legales\/#breadcrumb"},"inLanguage":"fr-FR","potentialAction":[{"@type":"ReadAction","target":["https:\/\/www.lespepauvergnerhonealpes.org\/pep43\/mentions-legales\/"]}]},{"@type":"BreadcrumbList","@id":"https:\/\/www.lespepauvergnerhonealpes.org\/pep43\/mentions-legales\/#breadcrumb","itemListElement":[{"@type":"ListItem","position":1,"name":"Accueil","item":"https:\/\/www.lespepauvergnerhonealpes.org\/pep43\/"},{"@type":"ListItem","position":2,"name":"Mentions l\u00e9gales"}]},{"@type":"WebSite","@id":"https:\/\/www.lespepauvergnerhonealpes.org\/pep43\/#website","url":"https:\/\/www.lespepauvergnerhonealpes.org\/pep43\/","name":"Association des PEP 43 (Haute-Loire)","description":"Un site utilisant Les sites de Les PEP Auvergne Rh\u00f4ne Alpes","potentialAction":[{"@type":"SearchAction","target":{"@type":"EntryPoint","urlTemplate":"https:\/\/www.lespepauvergnerhonealpes.org\/pep43\/?s={search_term_string}"},"query-input":{"@type":"PropertyValueSpecification","valueRequired":true,"valueName":"search_term_string"}}],"inLanguage":"fr-FR"}]}},"publishpress_future_action":{"enabled":false,"date":"2026-05-04 20:19:00","action":"change-status","newStatus":"draft","terms":[],"taxonomy":"","extraData":[]},"publishpress_future_workflow_manual_trigger":{"enabledWorkflows":[]},"_links":{"self":[{"href":"https:\/\/www.lespepauvergnerhonealpes.org\/pep43\/wp-json\/wp\/v2\/pages\/13","targetHints":{"allow":["GET"]}}],"collection":[{"href":"https:\/\/www.lespepauvergnerhonealpes.org\/pep43\/wp-json\/wp\/v2\/pages"}],"about":[{"href":"https:\/\/www.lespepauvergnerhonealpes.org\/pep43\/wp-json\/wp\/v2\/types\/page"}],"author":[{"embeddable":true,"href":"https:\/\/www.lespepauvergnerhonealpes.org\/pep43\/wp-json\/wp\/v2\/users\/1"}],"replies":[{"embeddable":true,"href":"https:\/\/www.lespepauvergnerhonealpes.org\/pep43\/wp-json\/wp\/v2\/comments?post=13"}],"version-history":[{"count":4,"href":"https:\/\/www.lespepauvergnerhonealpes.org\/pep43\/wp-json\/wp\/v2\/pages\/13\/revisions"}],"predecessor-version":[{"id":316,"href":"https:\/\/www.lespepauvergnerhonealpes.org\/pep43\/wp-json\/wp\/v2\/pages\/13\/revisions\/316"}],"wp:attachment":[{"href":"https:\/\/www.lespepauvergnerhonealpes.org\/pep43\/wp-json\/wp\/v2\/media?parent=13"}],"curies":[{"name":"wp","href":"https:\/\/api.w.org\/{rel}","templated":true}]}}