{"id":20,"date":"2019-09-30T14:04:35","date_gmt":"2019-09-30T12:04:35","guid":{"rendered":"http:\/\/www.lespepauvergnerhonealpes.org\/duplicate\/qui-sommes-nous\/nos-partenaires\/"},"modified":"2019-09-30T14:12:13","modified_gmt":"2019-09-30T12:12:13","slug":"nos-partenaires","status":"publish","type":"page","link":"http:\/\/www.lespepauvergnerhonealpes.org\/duplicate\/qui-sommes-nous\/nos-partenaires\/","title":{"rendered":"Nos partenaires"},"content":{"rendered":"<p><img loading=\"lazy\" decoding=\"async\" class=\"alignleft wp-image-38\" src=\"http:\/\/www.lespepauvergnerhonealpes.org\/wp-content\/uploads\/sites\/2\/2019\/09\/handisport-300x116.png\" alt=\"\" width=\"207\" height=\"80\" srcset=\"http:\/\/www.lespepauvergnerhonealpes.org\/duplicate\/wp-content\/uploads\/sites\/4\/2019\/09\/handisport-300x116.png 300w, http:\/\/www.lespepauvergnerhonealpes.org\/duplicate\/wp-content\/uploads\/sites\/4\/2019\/09\/handisport-768x297.png 768w, http:\/\/www.lespepauvergnerhonealpes.org\/duplicate\/wp-content\/uploads\/sites\/4\/2019\/09\/handisport-150x58.png 150w, http:\/\/www.lespepauvergnerhonealpes.org\/duplicate\/wp-content\/uploads\/sites\/4\/2019\/09\/handisport-68x26.png 68w, http:\/\/www.lespepauvergnerhonealpes.org\/duplicate\/wp-content\/uploads\/sites\/4\/2019\/09\/handisport.png 894w\" sizes=\"(max-width: 207px) 100vw, 207px\" \/><strong>HANDISPORT<\/strong><br \/>\nLa F\u00e9d\u00e9ration Handisport a pour objectif de proposer une activit\u00e9 sportive adapt\u00e9e \u00e0 toute personne pr\u00e9sentant un handicap physique ou sensoriel.<\/p>\n<hr \/>\n<p><img loading=\"lazy\" decoding=\"async\" class=\"alignleft wp-image-38\" src=\"http:\/\/www.lespepauvergnerhonealpes.org\/wp-content\/uploads\/sites\/2\/2019\/09\/handisport-300x116.png\" alt=\"\" width=\"207\" height=\"80\" srcset=\"http:\/\/www.lespepauvergnerhonealpes.org\/duplicate\/wp-content\/uploads\/sites\/4\/2019\/09\/handisport-300x116.png 300w, http:\/\/www.lespepauvergnerhonealpes.org\/duplicate\/wp-content\/uploads\/sites\/4\/2019\/09\/handisport-768x297.png 768w, http:\/\/www.lespepauvergnerhonealpes.org\/duplicate\/wp-content\/uploads\/sites\/4\/2019\/09\/handisport-150x58.png 150w, http:\/\/www.lespepauvergnerhonealpes.org\/duplicate\/wp-content\/uploads\/sites\/4\/2019\/09\/handisport-68x26.png 68w, http:\/\/www.lespepauvergnerhonealpes.org\/duplicate\/wp-content\/uploads\/sites\/4\/2019\/09\/handisport.png 894w\" sizes=\"(max-width: 207px) 100vw, 207px\" \/><strong>HANDISPORT<\/strong><br \/>\nLa F\u00e9d\u00e9ration Handisport a pour objectif de proposer une activit\u00e9 sportive adapt\u00e9e \u00e0 toute personne pr\u00e9sentant un handicap physique ou sensoriel.<\/p>\n<hr \/>\n","protected":false},"excerpt":{"rendered":"<p>HANDISPORT La F\u00e9d\u00e9ration Handisport a pour objectif de proposer une activit\u00e9 sportive adapt\u00e9e \u00e0 toute personne pr\u00e9sentant un handicap physique ou sensoriel. HANDISPORT La F\u00e9d\u00e9ration Handisport a pour objectif de proposer une activit\u00e9 sportive adapt\u00e9e \u00e0 toute personne pr\u00e9sentant un handicap physique ou sensoriel.<\/p>\n","protected":false},"author":1,"featured_media":0,"parent":8,"menu_order":4,"comment_status":"closed","ping_status":"closed","template":"","meta":{"_acf_changed":false,"footnotes":""},"class_list":["post-20","page","type-page","status-publish","hentry"],"acf":[],"yoast_head":"<!-- This site is optimized with the Yoast SEO plugin v27.2 - https:\/\/yoast.com\/product\/yoast-seo-wordpress\/ -->\n<title>Nos partenaires - PEP Duplication<\/title>\n<meta name=\"robots\" content=\"noindex, follow, max-snippet:-1, max-image-preview:large, max-video-preview:-1\" \/>\n<meta property=\"og:locale\" content=\"fr_FR\" \/>\n<meta property=\"og:type\" content=\"article\" \/>\n<meta property=\"og:title\" content=\"Nos partenaires - PEP Duplication\" \/>\n<meta property=\"og:description\" content=\"HANDISPORT La F\u00e9d\u00e9ration Handisport a pour objectif de proposer une activit\u00e9 sportive adapt\u00e9e \u00e0 toute personne pr\u00e9sentant un handicap physique ou sensoriel. HANDISPORT La F\u00e9d\u00e9ration Handisport a pour objectif de proposer une activit\u00e9 sportive adapt\u00e9e \u00e0 toute personne pr\u00e9sentant un handicap physique ou sensoriel.\" \/>\n<meta property=\"og:url\" content=\"http:\/\/www.lespepauvergnerhonealpes.org\/duplicate\/qui-sommes-nous\/nos-partenaires\/\" \/>\n<meta property=\"og:site_name\" content=\"PEP Duplication\" \/>\n<meta property=\"article:modified_time\" content=\"2019-09-30T12:12:13+00:00\" \/>\n<meta property=\"og:image\" content=\"http:\/\/www.lespepauvergnerhonealpes.org\/wp-content\/uploads\/sites\/2\/2019\/09\/handisport-300x116.png\" \/>\n<meta name=\"twitter:card\" content=\"summary_large_image\" \/>\n<script type=\"application\/ld+json\" class=\"yoast-schema-graph\">{\"@context\":\"https:\/\/schema.org\",\"@graph\":[{\"@type\":\"WebPage\",\"@id\":\"http:\/\/www.lespepauvergnerhonealpes.org\/duplicate\/qui-sommes-nous\/nos-partenaires\/\",\"url\":\"http:\/\/www.lespepauvergnerhonealpes.org\/duplicate\/qui-sommes-nous\/nos-partenaires\/\",\"name\":\"Nos partenaires - PEP Duplication\",\"isPartOf\":{\"@id\":\"http:\/\/www.lespepauvergnerhonealpes.org\/duplicate\/#website\"},\"primaryImageOfPage\":{\"@id\":\"http:\/\/www.lespepauvergnerhonealpes.org\/duplicate\/qui-sommes-nous\/nos-partenaires\/#primaryimage\"},\"image\":{\"@id\":\"http:\/\/www.lespepauvergnerhonealpes.org\/duplicate\/qui-sommes-nous\/nos-partenaires\/#primaryimage\"},\"thumbnailUrl\":\"http:\/\/www.lespepauvergnerhonealpes.org\/wp-content\/uploads\/sites\/2\/2019\/09\/handisport-300x116.png\",\"datePublished\":\"2019-09-30T12:04:35+00:00\",\"dateModified\":\"2019-09-30T12:12:13+00:00\",\"breadcrumb\":{\"@id\":\"http:\/\/www.lespepauvergnerhonealpes.org\/duplicate\/qui-sommes-nous\/nos-partenaires\/#breadcrumb\"},\"inLanguage\":\"fr-FR\",\"potentialAction\":[{\"@type\":\"ReadAction\",\"target\":[\"http:\/\/www.lespepauvergnerhonealpes.org\/duplicate\/qui-sommes-nous\/nos-partenaires\/\"]}]},{\"@type\":\"ImageObject\",\"inLanguage\":\"fr-FR\",\"@id\":\"http:\/\/www.lespepauvergnerhonealpes.org\/duplicate\/qui-sommes-nous\/nos-partenaires\/#primaryimage\",\"url\":\"http:\/\/www.lespepauvergnerhonealpes.org\/wp-content\/uploads\/sites\/2\/2019\/09\/handisport-300x116.png\",\"contentUrl\":\"http:\/\/www.lespepauvergnerhonealpes.org\/wp-content\/uploads\/sites\/2\/2019\/09\/handisport-300x116.png\"},{\"@type\":\"BreadcrumbList\",\"@id\":\"http:\/\/www.lespepauvergnerhonealpes.org\/duplicate\/qui-sommes-nous\/nos-partenaires\/#breadcrumb\",\"itemListElement\":[{\"@type\":\"ListItem\",\"position\":1,\"name\":\"Accueil\",\"item\":\"http:\/\/www.lespepauvergnerhonealpes.org\/duplicate\/\"},{\"@type\":\"ListItem\",\"position\":2,\"name\":\"Qui sommes-nous ?\",\"item\":\"http:\/\/www.lespepauvergnerhonealpes.org\/duplicate\/qui-sommes-nous\/\"},{\"@type\":\"ListItem\",\"position\":3,\"name\":\"Nos partenaires\"}]},{\"@type\":\"WebSite\",\"@id\":\"http:\/\/www.lespepauvergnerhonealpes.org\/duplicate\/#website\",\"url\":\"http:\/\/www.lespepauvergnerhonealpes.org\/duplicate\/\",\"name\":\"PEP Duplication\",\"description\":\"Un site utilisant Les sites de Les PEP Auvergne Rh\u00f4ne Alpes\",\"potentialAction\":[{\"@type\":\"SearchAction\",\"target\":{\"@type\":\"EntryPoint\",\"urlTemplate\":\"http:\/\/www.lespepauvergnerhonealpes.org\/duplicate\/?s={search_term_string}\"},\"query-input\":{\"@type\":\"PropertyValueSpecification\",\"valueRequired\":true,\"valueName\":\"search_term_string\"}}],\"inLanguage\":\"fr-FR\"}]}<\/script>\n<!-- \/ Yoast SEO plugin. -->","yoast_head_json":{"title":"Nos partenaires - PEP Duplication","robots":{"index":"noindex","follow":"follow","max-snippet":"max-snippet:-1","max-image-preview":"max-image-preview:large","max-video-preview":"max-video-preview:-1"},"og_locale":"fr_FR","og_type":"article","og_title":"Nos partenaires - PEP Duplication","og_description":"HANDISPORT La F\u00e9d\u00e9ration Handisport a pour objectif de proposer une activit\u00e9 sportive adapt\u00e9e \u00e0 toute personne pr\u00e9sentant un handicap physique ou sensoriel. HANDISPORT La F\u00e9d\u00e9ration Handisport a pour objectif de proposer une activit\u00e9 sportive adapt\u00e9e \u00e0 toute personne pr\u00e9sentant un handicap physique ou sensoriel.","og_url":"http:\/\/www.lespepauvergnerhonealpes.org\/duplicate\/qui-sommes-nous\/nos-partenaires\/","og_site_name":"PEP Duplication","article_modified_time":"2019-09-30T12:12:13+00:00","og_image":[{"url":"http:\/\/www.lespepauvergnerhonealpes.org\/wp-content\/uploads\/sites\/2\/2019\/09\/handisport-300x116.png","type":"","width":"","height":""}],"twitter_card":"summary_large_image","schema":{"@context":"https:\/\/schema.org","@graph":[{"@type":"WebPage","@id":"http:\/\/www.lespepauvergnerhonealpes.org\/duplicate\/qui-sommes-nous\/nos-partenaires\/","url":"http:\/\/www.lespepauvergnerhonealpes.org\/duplicate\/qui-sommes-nous\/nos-partenaires\/","name":"Nos partenaires - PEP Duplication","isPartOf":{"@id":"http:\/\/www.lespepauvergnerhonealpes.org\/duplicate\/#website"},"primaryImageOfPage":{"@id":"http:\/\/www.lespepauvergnerhonealpes.org\/duplicate\/qui-sommes-nous\/nos-partenaires\/#primaryimage"},"image":{"@id":"http:\/\/www.lespepauvergnerhonealpes.org\/duplicate\/qui-sommes-nous\/nos-partenaires\/#primaryimage"},"thumbnailUrl":"http:\/\/www.lespepauvergnerhonealpes.org\/wp-content\/uploads\/sites\/2\/2019\/09\/handisport-300x116.png","datePublished":"2019-09-30T12:04:35+00:00","dateModified":"2019-09-30T12:12:13+00:00","breadcrumb":{"@id":"http:\/\/www.lespepauvergnerhonealpes.org\/duplicate\/qui-sommes-nous\/nos-partenaires\/#breadcrumb"},"inLanguage":"fr-FR","potentialAction":[{"@type":"ReadAction","target":["http:\/\/www.lespepauvergnerhonealpes.org\/duplicate\/qui-sommes-nous\/nos-partenaires\/"]}]},{"@type":"ImageObject","inLanguage":"fr-FR","@id":"http:\/\/www.lespepauvergnerhonealpes.org\/duplicate\/qui-sommes-nous\/nos-partenaires\/#primaryimage","url":"http:\/\/www.lespepauvergnerhonealpes.org\/wp-content\/uploads\/sites\/2\/2019\/09\/handisport-300x116.png","contentUrl":"http:\/\/www.lespepauvergnerhonealpes.org\/wp-content\/uploads\/sites\/2\/2019\/09\/handisport-300x116.png"},{"@type":"BreadcrumbList","@id":"http:\/\/www.lespepauvergnerhonealpes.org\/duplicate\/qui-sommes-nous\/nos-partenaires\/#breadcrumb","itemListElement":[{"@type":"ListItem","position":1,"name":"Accueil","item":"http:\/\/www.lespepauvergnerhonealpes.org\/duplicate\/"},{"@type":"ListItem","position":2,"name":"Qui sommes-nous ?","item":"http:\/\/www.lespepauvergnerhonealpes.org\/duplicate\/qui-sommes-nous\/"},{"@type":"ListItem","position":3,"name":"Nos partenaires"}]},{"@type":"WebSite","@id":"http:\/\/www.lespepauvergnerhonealpes.org\/duplicate\/#website","url":"http:\/\/www.lespepauvergnerhonealpes.org\/duplicate\/","name":"PEP Duplication","description":"Un site utilisant Les sites de Les PEP Auvergne Rh\u00f4ne Alpes","potentialAction":[{"@type":"SearchAction","target":{"@type":"EntryPoint","urlTemplate":"http:\/\/www.lespepauvergnerhonealpes.org\/duplicate\/?s={search_term_string}"},"query-input":{"@type":"PropertyValueSpecification","valueRequired":true,"valueName":"search_term_string"}}],"inLanguage":"fr-FR"}]}},"publishpress_future_action":{"enabled":false,"date":"2026-05-20 15:26:40","action":"change-status","newStatus":"draft","terms":[],"taxonomy":"","extraData":[]},"publishpress_future_workflow_manual_trigger":{"enabledWorkflows":[]},"_links":{"self":[{"href":"http:\/\/www.lespepauvergnerhonealpes.org\/duplicate\/wp-json\/wp\/v2\/pages\/20","targetHints":{"allow":["GET"]}}],"collection":[{"href":"http:\/\/www.lespepauvergnerhonealpes.org\/duplicate\/wp-json\/wp\/v2\/pages"}],"about":[{"href":"http:\/\/www.lespepauvergnerhonealpes.org\/duplicate\/wp-json\/wp\/v2\/types\/page"}],"author":[{"embeddable":true,"href":"http:\/\/www.lespepauvergnerhonealpes.org\/duplicate\/wp-json\/wp\/v2\/users\/1"}],"replies":[{"embeddable":true,"href":"http:\/\/www.lespepauvergnerhonealpes.org\/duplicate\/wp-json\/wp\/v2\/comments?post=20"}],"version-history":[{"count":2,"href":"http:\/\/www.lespepauvergnerhonealpes.org\/duplicate\/wp-json\/wp\/v2\/pages\/20\/revisions"}],"predecessor-version":[{"id":40,"href":"http:\/\/www.lespepauvergnerhonealpes.org\/duplicate\/wp-json\/wp\/v2\/pages\/20\/revisions\/40"}],"up":[{"embeddable":true,"href":"http:\/\/www.lespepauvergnerhonealpes.org\/duplicate\/wp-json\/wp\/v2\/pages\/8"}],"wp:attachment":[{"href":"http:\/\/www.lespepauvergnerhonealpes.org\/duplicate\/wp-json\/wp\/v2\/media?parent=20"}],"curies":[{"name":"wp","href":"https:\/\/api.w.org\/{rel}","templated":true}]}}